{"id":2,"date":"2017-05-29T12:16:52","date_gmt":"2017-05-29T11:16:52","guid":{"rendered":"http:\/\/maxxfan.dev7.dnovo-dev.eu\/?page_id=2"},"modified":"2025-10-14T23:48:29","modified_gmt":"2025-10-14T22:48:29","slug":"over-maxxfan","status":"publish","type":"page","link":"https:\/\/maxxfan.nl\/de\/over-maxxfan\/","title":{"rendered":"\u00dcber MaxXfan-Ventilatoren"},"content":{"rendered":"<p><\/p>\n<h1><strong>\u00dcber MaxXfan-Ventilatoren<\/strong><\/h1>\n<p>MaxXfan-Ventilatoren sind HVLS-Ventilatoren: High Volume Low Speed. Diese Ventilatoren bringen Abk\u00fchlung in gro\u00dfen, offenen Geb\u00e4uden und unterst\u00fctzen die nat\u00fcrliche Ventilation. Mit ihrem gro\u00dfen Durchmesser bewegen die Ventilatoren enorme Luftmengen. Die niedrige Drehzahl sorgt f\u00fcr eine angenehme leichte Brise und einen fl\u00fcsterleisen Ventilator. So entsteht im Stall keine Unruhe und der allgemeine Tierkomfort im Stall wird verbessert.<\/p>\n<h2>Warum ventilieren?<\/h2>\n<p>An warmen Tagen herrscht oft Windstille. Die nat\u00fcrliche Ventilation eines Stalls funktioniert dann nur noch in geringem Ma\u00dfe oder gar nicht mehr. Das Klima im Stall wird feucht und stickig. Das Vieh leidet unter Hitzestress, denn bei Temperaturen \u00fcber 20\u00a0\u00b0C kostet es die Tiere viel Energie, sich abzuk\u00fchlen. Sie k\u00f6nnen die Hitze nicht abgeben und leiden unter Hitzestress. Dieser \u00e4u\u00dfert sich in Form einer verminderten Futteraufnahme (10\u201315\u00a0%) und verringerten Milchproduktion. Au\u00dferdem besteht aufgrund des feuchten Klimas ein erh\u00f6htes Infektionsrisiko. Aus diesem Grund ist ein frischer und gut ventilierter Stall wichtig.<\/p>\n<p><iframe loading=\"lazy\" src=\"https:\/\/player.vimeo.com\/video\/247145177\" width=\"640\" height=\"438\" frameborder=\"0\" allowfullscreen=\"allowfullscreen\" data-mce-fragment=\"1\"><\/iframe><\/p>\n<h2>Wie funktionieren MaxXfan-Ventilatoren?<\/h2>\n<p>MaxXfan-Ventilatoren sind die ideale L\u00f6sung zum K\u00fchlen und Ventilieren gro\u00dfer St\u00e4lle. Die Ventilatoren verf\u00fcgen \u00fcber einen gro\u00dfen Durchmesser und laufen mit niedriger Drehzahl. Dadurch haben sie eine gro\u00dfe Reichweite und sorgen f\u00fcr eine leichte Brise durch den gesamten Stall. Die Ventilatoren saugen \u00fcber die Seiten frische Luft an und mischen diese mit der Stallluft. Die Stickluft wird dann \u00fcber das Dach abgef\u00fchrt. Diese Kombination aus vertikalem und horizontalem Luftzug unterst\u00fctzt die nat\u00fcrliche Ventilation im gesamten Stall.<\/p>\n<h2>Das ganze Jahr \u00fcber<\/h2>\n<p>In w\u00e4rmeren Perioden sorgt die Luftbewegung daf\u00fcr, dass die Feuchtigkeitss\u00e4ttigungsgrenze sinkt, wodurch die Feuchtigkeit besser verdunsten kann. Dies erzeugt eine k\u00fchlende Wirkung und ein angenehmes, frisches Klima. Au\u00dferdem k\u00f6nnen die Tiere W\u00e4rme besser abgeben und ihre K\u00f6rpertemperatur regeln. Doch auch im Herbst und Winter halten die Ventilatoren die Luftfeuchtigkeit stabil.<\/p>\n<h2>Sektoren<\/h2>\n<p>MaxXfan-Ventilatoren eignen sich f\u00fcr gro\u00dfe R\u00e4ume, in denen f\u00fcr ein optimales Klima zus\u00e4tzliche Ventilation und K\u00fchlung erforderlich sind. Vor allem im Agrarsektor ist dies von Bedeutung, damit Tiere optimale Leistungen erbringen und Produkte l\u00e4nger haltbar bleiben. Die Ventilatoren sind daher ideal f\u00fcr die Rinderproduktion, Milchziegenproduktion, Schweineproduktion, Gefl\u00fcgelproduktion, Pferdezucht sowie f\u00fcr Ackerbau und Lagerhallen, z.\u00a0B. f\u00fcr Kartoffeln.<\/p>\n<h2>Die wichtigsten Vorteile der MaxXfan-Ventilatoren<\/h2>\n<ul>\n<li><strong>Besseres Stallklima<\/strong><br \/>\nMaxXfan-Ventilatoren sorgen f\u00fcr Luftbewegung durch den gesamten Stall. Sie bringen Abk\u00fchlung und unterst\u00fctzen die nat\u00fcrliche Ventilation.<\/li>\n<li><strong>Niedrige Luftfeuchtigkeit<\/strong><br \/>\nDie Luftbewegung f\u00f6rdert die Verdunstung der Feuchtigkeit und wirkt k\u00fchlend.<\/li>\n<li><strong>Bessere Futteraufnahme<\/strong><br \/>\nDank der Luftbewegung bleibt das Tierfutter frischer, wodurch sich die Futteraufnahme erh\u00f6ht. Eine gesteigerte Futteraufnahme und ein angenehmes Stallklima wiederum f\u00f6rdern die Produktion.<\/li>\n<li><strong>Verbesserte Tiergerechtheit &amp; Hygiene<\/strong><br \/>\nDie Luftbewegung sorgt f\u00fcr wenigere Fliegen und V\u00f6gel im Stall. Auch Stallgitter und Boxen sind trockener, wodurch das Infektionsrisiko sinkt. In Tieflaufst\u00e4llen bleibt das Stroh trockener, wodurch das Infektionsrisiko sinkt und das Gewicht der Mistmatratze abnimmt.<\/li>\n<\/ul>\n<h1>Dealers<\/h1>\n<p><strong>DSD Stalinrichting<\/strong><br \/>\nFortuinweg 4-8 9<br \/>\n101 PE DOKKUM<br \/>\n0519-228100<br \/>\n<a href=\"mailto:info@dsd-stalinrichting\">info@dsd-stalinrichting<\/a><br \/>\n<a href=\"http:\/\/www.dsd-stalinrichting.nl\/\">www.dsd-stalinrichting.nl<\/a><\/p>\n<hr \/>\n<p><strong>De Nijborg Agri BV<\/strong><br \/>\nDe Hooge Hoek 8<br \/>\n3927 ZM Renswoude<br \/>\n<a href=\"mailto:info@nijborgagri.nl\">info@nijborgagri.nl<\/a><\/p>\n<hr \/>\n<p><strong>Farmonie Farmtech<\/strong><br \/>\nWatermanstraat 23<br \/>\n7324 AJ Apeldoorn<br \/>\n<a href=\"mailto:info@farmoniefarmtech.nl\">info@farmoniefarmtech.nl<\/a><br \/>\n<a href=\"https:\/\/www.farmoniefarmtech.nl\/\">www.farmoniefarmtech.nl<\/a><\/p>\n<hr \/>\n<p><strong>MGI Techniek<\/strong><br \/>\nBerglandsweg 5<br \/>\n7678 VP Geesteren<br \/>\n0546-681158<br \/>\n<a href=\"mailto:info@mgitechniek.nl\">info@mgitechniek.nl<\/a><br \/>\n<a href=\"http:\/\/www.mgitechniek.nl\">www.mgitechniek.nl<\/a><\/p>\n<hr \/>\n<p><strong>FH Loohuis BV<\/strong><br \/>\nHelllendoornseweg 9b<br \/>\n7688 PC Daarle<br \/>\n0546-697866<br \/>\n<a href=\"mailto:info@fhloohuis.nl\">info@fhloohuis.nl<\/a><br \/>\n<a href=\"http:\/\/www.fhloohuis.nl\">www.fhloohuis.nl<\/a><\/p>\n<hr \/>\n<p><strong>Gebr. Ezendam BV Veehoudertechniek<\/strong><br \/>\nHanzestraat 33<br \/>\n7622 AX Borne<br \/>\n<a href=\"mailto:info@ezendam.info\">info@ezendam.info<\/a><br \/>\n<a href=\"http:\/\/www.ezendam.info\">www.ezendam.info<\/a><\/p>\n<p><\/p>","protected":false},"excerpt":{"rendered":"<p>\u00dcber MaxXfan-Ventilatoren MaxXfan-Ventilatoren sind HVLS-Ventilatoren: High Volume Low Speed. Diese Ventilatoren bringen Abk\u00fchlung in gro\u00dfen, offenen Geb\u00e4uden und unterst\u00fctzen die nat\u00fcrliche Ventilation. Mit ihrem gro\u00dfen Durchmesser bewegen die Ventilatoren enorme&#8230;<\/p>\n","protected":false},"author":3,"featured_media":345,"parent":0,"menu_order":0,"comment_status":"closed","ping_status":"closed","template":"page-about.php","meta":{"_acf_changed":false,"footnotes":""},"class_list":["post-2","page","type-page","status-publish","has-post-thumbnail","hentry"],"acf":[],"_links":{"self":[{"href":"https:\/\/maxxfan.nl\/de\/wp-json\/wp\/v2\/pages\/2","targetHints":{"allow":["GET"]}}],"collection":[{"href":"https:\/\/maxxfan.nl\/de\/wp-json\/wp\/v2\/pages"}],"about":[{"href":"https:\/\/maxxfan.nl\/de\/wp-json\/wp\/v2\/types\/page"}],"author":[{"embeddable":true,"href":"https:\/\/maxxfan.nl\/de\/wp-json\/wp\/v2\/users\/3"}],"replies":[{"embeddable":true,"href":"https:\/\/maxxfan.nl\/de\/wp-json\/wp\/v2\/comments?post=2"}],"version-history":[{"count":42,"href":"https:\/\/maxxfan.nl\/de\/wp-json\/wp\/v2\/pages\/2\/revisions"}],"predecessor-version":[{"id":496,"href":"https:\/\/maxxfan.nl\/de\/wp-json\/wp\/v2\/pages\/2\/revisions\/496"}],"wp:featuredmedia":[{"embeddable":true,"href":"https:\/\/maxxfan.nl\/de\/wp-json\/wp\/v2\/media\/345"}],"wp:attachment":[{"href":"https:\/\/maxxfan.nl\/de\/wp-json\/wp\/v2\/media?parent=2"}],"curies":[{"name":"wp","href":"https:\/\/api.w.org\/{rel}","templated":true}]}}