{"id":4,"date":"2017-05-29T12:31:13","date_gmt":"2017-05-29T11:31:13","guid":{"rendered":"http:\/\/maxxfan.dev7.dnovo-dev.eu\/?page_id=4"},"modified":"2021-04-14T16:48:26","modified_gmt":"2021-04-14T15:48:26","slug":"home","status":"publish","type":"page","link":"https:\/\/maxxfan.nl\/de\/","title":{"rendered":"Home"},"content":{"rendered":"<p>Eine gute Stallventilation ist unerl\u00e4sslich, da sie die Leistung der Tiere direkt beeinflusst. MaxXfan-Ventilatoren sind hier die ideale L\u00f6sung. Die riesigen Ventilatoren k\u00fchlen und bel\u00fcften gro\u00dfe, offene R\u00e4ume wie St\u00e4lle.<\/p>","protected":false},"excerpt":{"rendered":"<p>Eine gute Stallventilation ist unerl\u00e4sslich, da sie die Leistung der Tiere direkt beeinflusst. MaxXfan-Ventilatoren sind hier die ideale L\u00f6sung. Die riesigen Ventilatoren k\u00fchlen und bel\u00fcften gro\u00dfe, offene R\u00e4ume wie St\u00e4lle.<\/p>\n","protected":false},"author":3,"featured_media":364,"parent":0,"menu_order":0,"comment_status":"closed","ping_status":"closed","template":"page-home.php","meta":{"_acf_changed":false,"footnotes":""},"class_list":["post-4","page","type-page","status-publish","has-post-thumbnail","hentry"],"acf":[],"_links":{"self":[{"href":"https:\/\/maxxfan.nl\/de\/wp-json\/wp\/v2\/pages\/4","targetHints":{"allow":["GET"]}}],"collection":[{"href":"https:\/\/maxxfan.nl\/de\/wp-json\/wp\/v2\/pages"}],"about":[{"href":"https:\/\/maxxfan.nl\/de\/wp-json\/wp\/v2\/types\/page"}],"author":[{"embeddable":true,"href":"https:\/\/maxxfan.nl\/de\/wp-json\/wp\/v2\/users\/3"}],"replies":[{"embeddable":true,"href":"https:\/\/maxxfan.nl\/de\/wp-json\/wp\/v2\/comments?post=4"}],"version-history":[{"count":34,"href":"https:\/\/maxxfan.nl\/de\/wp-json\/wp\/v2\/pages\/4\/revisions"}],"predecessor-version":[{"id":366,"href":"https:\/\/maxxfan.nl\/de\/wp-json\/wp\/v2\/pages\/4\/revisions\/366"}],"wp:featuredmedia":[{"embeddable":true,"href":"https:\/\/maxxfan.nl\/de\/wp-json\/wp\/v2\/media\/364"}],"wp:attachment":[{"href":"https:\/\/maxxfan.nl\/de\/wp-json\/wp\/v2\/media?parent=4"}],"curies":[{"name":"wp","href":"https:\/\/api.w.org\/{rel}","templated":true}]}}